{"id":171,"date":"2019-12-21T23:26:55","date_gmt":"2019-12-21T22:26:55","guid":{"rendered":"http:\/\/entractifs.org\/?page_id=171"},"modified":"2026-01-07T15:05:52","modified_gmt":"2026-01-07T14:05:52","slug":"atelier-terre","status":"publish","type":"page","link":"https:\/\/entractifs.org\/index.php\/nos-ateliers\/atelier-terre\/","title":{"rendered":"ATELIER JEUX"},"content":{"rendered":"\n<p>Le vendredi de 14 \u00e0 16h au local, consulter bien le planning avant.<\/p>\n\n\n\n<p>Jeux divers ;  scrabble, cartes, \u00e9checs, RUMICUB, TRIOMINO, et bien d&rsquo;autres,<\/p>\n\n\n\n<p>vous pouvez aussi amener les v\u00f4tres \ud83d\ude09<\/p>\n\n\n\n<figure class=\"wp-block-image size-large\"><img decoding=\"async\" loading=\"lazy\" width=\"731\" height=\"1024\" src=\"http:\/\/entractifs.org\/wp-content\/uploads\/2026\/01\/PHOTO-Jeux-claire-731x1024.jpg\" alt=\"\" class=\"wp-image-787\" srcset=\"https:\/\/entractifs.org\/wp-content\/uploads\/2026\/01\/PHOTO-Jeux-claire-731x1024.jpg 731w, https:\/\/entractifs.org\/wp-content\/uploads\/2026\/01\/PHOTO-Jeux-claire-214x300.jpg 214w, https:\/\/entractifs.org\/wp-content\/uploads\/2026\/01\/PHOTO-Jeux-claire-768x1075.jpg 768w, https:\/\/entractifs.org\/wp-content\/uploads\/2026\/01\/PHOTO-Jeux-claire-1097x1536.jpg 1097w, https:\/\/entractifs.org\/wp-content\/uploads\/2026\/01\/PHOTO-Jeux-claire-750x1050.jpg 750w, https:\/\/entractifs.org\/wp-content\/uploads\/2026\/01\/PHOTO-Jeux-claire-400x560.jpg 400w, https:\/\/entractifs.org\/wp-content\/uploads\/2026\/01\/PHOTO-Jeux-claire-430x602.jpg 430w, https:\/\/entractifs.org\/wp-content\/uploads\/2026\/01\/PHOTO-Jeux-claire-150x210.jpg 150w, https:\/\/entractifs.org\/wp-content\/uploads\/2026\/01\/PHOTO-Jeux-claire-100x140.jpg 100w, https:\/\/entractifs.org\/wp-content\/uploads\/2026\/01\/PHOTO-Jeux-claire.jpg 1142w\" sizes=\"(max-width: 731px) 100vw, 731px\" \/><\/figure>\n","protected":false},"excerpt":{"rendered":"<p>Le vendredi de 14 \u00e0 16h au local, consulter bien le planning avant. Jeux divers ; scrabble, cartes, \u00e9checs, RUMICUB, TRIOMINO, et bien d&rsquo;autres, vous pouvez aussi amener les v\u00f4tres [&hellip;]<\/p>\n","protected":false},"author":1,"featured_media":0,"parent":164,"menu_order":1,"comment_status":"closed","ping_status":"closed","template":"","meta":{"footnotes":""},"_links":{"self":[{"href":"https:\/\/entractifs.org\/index.php\/wp-json\/wp\/v2\/pages\/171"}],"collection":[{"href":"https:\/\/entractifs.org\/index.php\/wp-json\/wp\/v2\/pages"}],"about":[{"href":"https:\/\/entractifs.org\/index.php\/wp-json\/wp\/v2\/types\/page"}],"author":[{"embeddable":true,"href":"https:\/\/entractifs.org\/index.php\/wp-json\/wp\/v2\/users\/1"}],"replies":[{"embeddable":true,"href":"https:\/\/entractifs.org\/index.php\/wp-json\/wp\/v2\/comments?post=171"}],"version-history":[{"count":11,"href":"https:\/\/entractifs.org\/index.php\/wp-json\/wp\/v2\/pages\/171\/revisions"}],"predecessor-version":[{"id":795,"href":"https:\/\/entractifs.org\/index.php\/wp-json\/wp\/v2\/pages\/171\/revisions\/795"}],"up":[{"embeddable":true,"href":"https:\/\/entractifs.org\/index.php\/wp-json\/wp\/v2\/pages\/164"}],"wp:attachment":[{"href":"https:\/\/entractifs.org\/index.php\/wp-json\/wp\/v2\/media?parent=171"}],"curies":[{"name":"wp","href":"https:\/\/api.w.org\/{rel}","templated":true}]}}