{"id":189,"date":"2019-12-22T08:33:56","date_gmt":"2019-12-22T07:33:56","guid":{"rendered":"http:\/\/entractifs.org\/?page_id=189"},"modified":"2023-12-02T01:12:08","modified_gmt":"2023-12-02T00:12:08","slug":"atelier-communication-non-violente-cnv","status":"publish","type":"page","link":"https:\/\/entractifs.org\/index.php\/nos-ateliers\/atelier-communication-non-violente-cnv\/","title":{"rendered":"ATELIER COMMUNICATION NON VIOLENTE           dit CNV"},"content":{"rendered":"\n<p><em>Au local de l&rsquo;association<\/em><\/p>\n\n\n\n<p>La communication Non Violente (CNV) a \u00e9t\u00e9 mise en place par <a aria-label=\" (s\u2019ouvre dans un nouvel onglet)\" href=\"https:\/\/fr.wikipedia.org\/wiki\/Marshall_Rosenberg\" target=\"_blank\" rel=\"noreferrer noopener\">Marshall Rosenberg<\/a> dans le but de faciliter la relation entre les personnes.<\/p>\n\n\n\n<p>Elle se vit et se pratique dans l&rsquo;instant pr\u00e9sent et s&rsquo;appuie sur la bienveillance, l&rsquo;authenticit\u00e9 et la responsabilit\u00e9 des participants.<\/p>\n\n\n\n<p>Elle permet de d\u00e9couvrir ce qui \u00e9chappe dans la relation et comment y rem\u00e9dier \u00e0 partir de situations v\u00e9cues, d&rsquo;exercices, de pratiques d\u00e9crites dans le livre &lsquo;<em>Les mots sont des fen\u00eatres (ou bien ce sont des murs)&rsquo;.<\/em><\/p>\n\n\n\n<p>Si vous souhaitez pratiquer, une premi\u00e8re rencontre est propos\u00e9e avec l&rsquo;animatrice.<\/p>\n","protected":false},"excerpt":{"rendered":"<p>Au local de l&rsquo;association La communication Non Violente (CNV) a \u00e9t\u00e9 mise en place par Marshall Rosenberg dans le but de faciliter la relation entre les personnes. Elle se vit [&hellip;]<\/p>\n","protected":false},"author":1,"featured_media":0,"parent":164,"menu_order":2,"comment_status":"closed","ping_status":"closed","template":"","meta":{"footnotes":""},"_links":{"self":[{"href":"https:\/\/entractifs.org\/index.php\/wp-json\/wp\/v2\/pages\/189"}],"collection":[{"href":"https:\/\/entractifs.org\/index.php\/wp-json\/wp\/v2\/pages"}],"about":[{"href":"https:\/\/entractifs.org\/index.php\/wp-json\/wp\/v2\/types\/page"}],"author":[{"embeddable":true,"href":"https:\/\/entractifs.org\/index.php\/wp-json\/wp\/v2\/users\/1"}],"replies":[{"embeddable":true,"href":"https:\/\/entractifs.org\/index.php\/wp-json\/wp\/v2\/comments?post=189"}],"version-history":[{"count":5,"href":"https:\/\/entractifs.org\/index.php\/wp-json\/wp\/v2\/pages\/189\/revisions"}],"predecessor-version":[{"id":743,"href":"https:\/\/entractifs.org\/index.php\/wp-json\/wp\/v2\/pages\/189\/revisions\/743"}],"up":[{"embeddable":true,"href":"https:\/\/entractifs.org\/index.php\/wp-json\/wp\/v2\/pages\/164"}],"wp:attachment":[{"href":"https:\/\/entractifs.org\/index.php\/wp-json\/wp\/v2\/media?parent=189"}],"curies":[{"name":"wp","href":"https:\/\/api.w.org\/{rel}","templated":true}]}}