{"id":193,"date":"2019-12-22T08:41:16","date_gmt":"2019-12-22T07:41:16","guid":{"rendered":"http:\/\/entractifs.org\/?page_id=193"},"modified":"2026-01-07T15:07:57","modified_gmt":"2026-01-07T14:07:57","slug":"atelier-decouverte-de-yoga-sante","status":"publish","type":"page","link":"https:\/\/entractifs.org\/index.php\/nos-ateliers\/atelier-decouverte-de-yoga-sante\/","title":{"rendered":"ATELIER DECOUVERTE YOGA et SOPHROLOGIE"},"content":{"rendered":"\n<p>A la <strong>Maison des Associations<\/strong>, suivi d&rsquo;un atelier Relaxation anim\u00e9 par un sophrologue.<\/p>\n\n\n\n<p>Cette initiation au yoga convient \u00e0 celles et ceux qui souhaitent d\u00e9couvrir les secrets du yoga. <\/p>\n\n\n\n<p>Postures, d\u00e9tente, respiration&#8230; tout un art de vivre au quotidien.<\/p>\n\n\n\n<p><\/p>\n\n\n\n<p><\/p>\n\n\n\n<figure class=\"wp-block-gallery has-nested-images columns-default is-cropped wp-block-gallery-1 is-layout-flex wp-block-gallery-is-layout-flex\">\n<figure class=\"wp-block-image size-large\"><img decoding=\"async\" loading=\"lazy\" width=\"768\" height=\"1024\" data-id=\"267\" src=\"https:\/\/entractifs.org\/wp-content\/uploads\/2020\/02\/IMG_4804-768x1024.jpg\" alt=\"\" class=\"wp-image-267\" srcset=\"https:\/\/entractifs.org\/wp-content\/uploads\/2020\/02\/IMG_4804-768x1024.jpg 768w, https:\/\/entractifs.org\/wp-content\/uploads\/2020\/02\/IMG_4804-225x300.jpg 225w, https:\/\/entractifs.org\/wp-content\/uploads\/2020\/02\/IMG_4804-750x1000.jpg 750w, https:\/\/entractifs.org\/wp-content\/uploads\/2020\/02\/IMG_4804-400x533.jpg 400w, https:\/\/entractifs.org\/wp-content\/uploads\/2020\/02\/IMG_4804-430x573.jpg 430w, https:\/\/entractifs.org\/wp-content\/uploads\/2020\/02\/IMG_4804-150x200.jpg 150w, https:\/\/entractifs.org\/wp-content\/uploads\/2020\/02\/IMG_4804-100x133.jpg 100w, https:\/\/entractifs.org\/wp-content\/uploads\/2020\/02\/IMG_4804.jpg 900w\" sizes=\"(max-width: 768px) 100vw, 768px\" \/><\/figure>\n\n\n\n<figure class=\"wp-block-image size-large\"><img decoding=\"async\" loading=\"lazy\" width=\"768\" height=\"1024\" data-id=\"266\" src=\"https:\/\/entractifs.org\/wp-content\/uploads\/2020\/02\/IMG_4803-768x1024.jpg\" alt=\"\" class=\"wp-image-266\" srcset=\"https:\/\/entractifs.org\/wp-content\/uploads\/2020\/02\/IMG_4803-768x1024.jpg 768w, https:\/\/entractifs.org\/wp-content\/uploads\/2020\/02\/IMG_4803-225x300.jpg 225w, https:\/\/entractifs.org\/wp-content\/uploads\/2020\/02\/IMG_4803-750x1000.jpg 750w, https:\/\/entractifs.org\/wp-content\/uploads\/2020\/02\/IMG_4803-400x533.jpg 400w, https:\/\/entractifs.org\/wp-content\/uploads\/2020\/02\/IMG_4803-430x573.jpg 430w, https:\/\/entractifs.org\/wp-content\/uploads\/2020\/02\/IMG_4803-150x200.jpg 150w, https:\/\/entractifs.org\/wp-content\/uploads\/2020\/02\/IMG_4803-100x133.jpg 100w, https:\/\/entractifs.org\/wp-content\/uploads\/2020\/02\/IMG_4803.jpg 810w\" sizes=\"(max-width: 768px) 100vw, 768px\" \/><\/figure>\n<\/figure>\n\n\n\n<figure class=\"wp-block-image size-large\"><img decoding=\"async\" loading=\"lazy\" width=\"1024\" height=\"768\" src=\"http:\/\/entractifs.org\/wp-content\/uploads\/2026\/01\/PHOTO-sophrologie-1024x768.jpg\" alt=\"\" class=\"wp-image-789\" srcset=\"https:\/\/entractifs.org\/wp-content\/uploads\/2026\/01\/PHOTO-sophrologie-1024x768.jpg 1024w, https:\/\/entractifs.org\/wp-content\/uploads\/2026\/01\/PHOTO-sophrologie-300x225.jpg 300w, https:\/\/entractifs.org\/wp-content\/uploads\/2026\/01\/PHOTO-sophrologie-768x576.jpg 768w, https:\/\/entractifs.org\/wp-content\/uploads\/2026\/01\/PHOTO-sophrologie-1536x1152.jpg 1536w, https:\/\/entractifs.org\/wp-content\/uploads\/2026\/01\/PHOTO-sophrologie-2048x1536.jpg 2048w, https:\/\/entractifs.org\/wp-content\/uploads\/2026\/01\/PHOTO-sophrologie-750x563.jpg 750w, https:\/\/entractifs.org\/wp-content\/uploads\/2026\/01\/PHOTO-sophrologie-400x300.jpg 400w, https:\/\/entractifs.org\/wp-content\/uploads\/2026\/01\/PHOTO-sophrologie-430x323.jpg 430w, https:\/\/entractifs.org\/wp-content\/uploads\/2026\/01\/PHOTO-sophrologie-150x113.jpg 150w, https:\/\/entractifs.org\/wp-content\/uploads\/2026\/01\/PHOTO-sophrologie-100x75.jpg 100w\" sizes=\"(max-width: 1024px) 100vw, 1024px\" \/><\/figure>\n","protected":false},"excerpt":{"rendered":"<p>A la Maison des Associations, suivi d&rsquo;un atelier Relaxation anim\u00e9 par un sophrologue. Cette initiation au yoga convient \u00e0 celles et ceux qui souhaitent d\u00e9couvrir les secrets du yoga. Postures, [&hellip;]<\/p>\n","protected":false},"author":1,"featured_media":0,"parent":164,"menu_order":4,"comment_status":"closed","ping_status":"closed","template":"","meta":{"footnotes":""},"_links":{"self":[{"href":"https:\/\/entractifs.org\/index.php\/wp-json\/wp\/v2\/pages\/193"}],"collection":[{"href":"https:\/\/entractifs.org\/index.php\/wp-json\/wp\/v2\/pages"}],"about":[{"href":"https:\/\/entractifs.org\/index.php\/wp-json\/wp\/v2\/types\/page"}],"author":[{"embeddable":true,"href":"https:\/\/entractifs.org\/index.php\/wp-json\/wp\/v2\/users\/1"}],"replies":[{"embeddable":true,"href":"https:\/\/entractifs.org\/index.php\/wp-json\/wp\/v2\/comments?post=193"}],"version-history":[{"count":7,"href":"https:\/\/entractifs.org\/index.php\/wp-json\/wp\/v2\/pages\/193\/revisions"}],"predecessor-version":[{"id":796,"href":"https:\/\/entractifs.org\/index.php\/wp-json\/wp\/v2\/pages\/193\/revisions\/796"}],"up":[{"embeddable":true,"href":"https:\/\/entractifs.org\/index.php\/wp-json\/wp\/v2\/pages\/164"}],"wp:attachment":[{"href":"https:\/\/entractifs.org\/index.php\/wp-json\/wp\/v2\/media?parent=193"}],"curies":[{"name":"wp","href":"https:\/\/api.w.org\/{rel}","templated":true}]}}