{"id":232,"date":"2019-12-22T11:18:33","date_gmt":"2019-12-22T10:18:33","guid":{"rendered":"http:\/\/entractifs.org\/?page_id=232"},"modified":"2026-01-07T15:39:21","modified_gmt":"2026-01-07T14:39:21","slug":"adhesion-2020","status":"publish","type":"page","link":"https:\/\/entractifs.org\/index.php\/adhesion-2020\/","title":{"rendered":"ADHESION"},"content":{"rendered":"\n<p><strong>Entr&rsquo;Actifs, une association citoyenne d\u2019entraide et de solidarit\u00e9<\/strong> :<\/p>\n\n\n\n<div class=\"wp-block-group is-layout-flow wp-block-group-is-layout-flow\"><div class=\"wp-block-group__inner-container\">\n<div class=\"wp-block-group is-layout-flow wp-block-group-is-layout-flow\"><div class=\"wp-block-group__inner-container\">\n<p>Reconnue d&rsquo;Int\u00e9r\u00eat G\u00e9n\u00e9ral.<\/p>\n\nLieu de mixit\u00e9 sociale ouvert \u00e0 tous. \nDans l\u2019esprit de notre charte, toute personne est accueillie avec bienveillance, dans le respect de son histoire, de son identit\u00e9 et de sa libert\u00e9.\nIci chacun peut cheminer \u00e0 son rythme&nbsp;: participer, donner de son temps, mettre ses comp\u00e9tences au service des autres, prendre des responsabilit\u00e9s.\nFaire ensemble&nbsp;: ici on \u00e9change, on d\u00e9bat, on d\u00e9cide et on agit.\nChacun est appel\u00e9 \u00e0 \u00eatre auteur, cr\u00e9ateur de son \u00e0 venir individuel et collectif.\nEntr\u2019Actifs c\u2019est une volont\u00e9 d\u2019implication locale sur le Pays Voironnais AVEC nos partenaires associatifs, institutionnels et \u00e9lus.\n<\/div><\/div>\n<\/div><\/div>\n\n\n\n<p> Tarif annuel 20 Euros : <\/p>\n\n\n\n<ul>\n<li>soit par ch\u00e8que \u00e0 l\u2019ordre d\u2019Entr\u2019Actifs <\/li>\n\n\n\n<li>soit en esp\u00e8ce en passant au local <\/li>\n<\/ul>\n\n\n\n<p>Un re\u00e7u vous sera d\u00e9livr\u00e9.<\/p>\n\n\n\n<p><\/p>\n\n\n\n<p><strong>Vous pouvez t\u00e9l\u00e9chargez le bulletin d&rsquo;adh\u00e9sion 202<\/strong>6 <a href=\"https:\/\/entractifs.org\/wp-content\/uploads\/2026\/01\/Fiche-adherent-2026-1.pdf\" data-type=\"link\" data-id=\"https:\/\/entractifs.org\/wp-content\/uploads\/2026\/01\/Fiche-adherent-2026-1.pdf\">https:\/\/entractifs.org\/wp-content\/uploads\/2026\/01\/Fiche-adherent-2026-1.pdf<\/a><\/p>\n\n\n\n<p>Merci de nous le retourner, accompagn\u00e9 de votre r\u00e8glement.<\/p>\n\n\n\n<p><H1><strong>CONTACT<\/H1><\/strong><\/p>\n\n\n\n<p>Envoyez nous un petit mot : <a href=\"http:\/\/entractifs.org\/wp-admin\/post.php?post=196&amp;action=edit\">contactez-nous par courriel<\/a><\/p>\n\n\n<div class=\"wp-block-image\">\n<figure class=\"aligncenter\"><a href=\"https:\/\/www.google.fr\/maps\/place\/3+Boulevard+Denfert+Rochereau,+38500+Voiron\/@45.3600183,5.5890309,17z\/data=!3m1!4b1!4m5!3m4!1s0x478ae4382a149239:0x29d4c2168d54af4!8m2!3d45.3600146!4d5.5912196\" target=\"_blank\" rel=\"noreferrer noopener\"><img decoding=\"async\" loading=\"lazy\" width=\"300\" height=\"232\" src=\"http:\/\/entractifs.org\/wp-content\/uploads\/2019\/11\/tmp-carte-300x232.jpg\" alt=\"\" class=\"wp-image-93\" srcset=\"https:\/\/entractifs.org\/wp-content\/uploads\/2019\/11\/tmp-carte-300x232.jpg 300w, https:\/\/entractifs.org\/wp-content\/uploads\/2019\/11\/tmp-carte-400x309.jpg 400w, https:\/\/entractifs.org\/wp-content\/uploads\/2019\/11\/tmp-carte-430x332.jpg 430w, https:\/\/entractifs.org\/wp-content\/uploads\/2019\/11\/tmp-carte-150x116.jpg 150w, https:\/\/entractifs.org\/wp-content\/uploads\/2019\/11\/tmp-carte-100x77.jpg 100w, https:\/\/entractifs.org\/wp-content\/uploads\/2019\/11\/tmp-carte.jpg 487w\" sizes=\"(max-width: 300px) 100vw, 300px\" \/><\/a><\/figure><\/div>\n\n\n<p class=\"has-text-align-center\"><strong>Retrouvez-nous : Adresse<\/strong> 3, boulevard Denfert-Rochereau 38500 <strong>Voiron<\/strong> <strong>Tel <\/strong> 07 81 22 15 36 \/ 09 73 14 34 82  <\/p>\n\n\n\n<p class=\"has-text-align-center\"><strong>Permanence <\/strong>les Mercredis : 14h00\u201317h00<\/p>\n\n\n\n<h6 class=\"wp-block-heading has-text-align-center\"><em>Cliquez sur l&rsquo;image ci-dessus pour acc\u00e9der au plan en plein \u00e9cran<\/em><\/h6>\n","protected":false},"excerpt":{"rendered":"<p>Entr&rsquo;Actifs, une association citoyenne d\u2019entraide et de solidarit\u00e9 : Reconnue d&rsquo;Int\u00e9r\u00eat G\u00e9n\u00e9ral. Lieu de mixit\u00e9 sociale ouvert \u00e0 tous. Dans l\u2019esprit de notre charte, toute personne est accueillie avec bienveillance, [&hellip;]<\/p>\n","protected":false},"author":1,"featured_media":0,"parent":0,"menu_order":0,"comment_status":"closed","ping_status":"closed","template":"","meta":{"footnotes":""},"_links":{"self":[{"href":"https:\/\/entractifs.org\/index.php\/wp-json\/wp\/v2\/pages\/232"}],"collection":[{"href":"https:\/\/entractifs.org\/index.php\/wp-json\/wp\/v2\/pages"}],"about":[{"href":"https:\/\/entractifs.org\/index.php\/wp-json\/wp\/v2\/types\/page"}],"author":[{"embeddable":true,"href":"https:\/\/entractifs.org\/index.php\/wp-json\/wp\/v2\/users\/1"}],"replies":[{"embeddable":true,"href":"https:\/\/entractifs.org\/index.php\/wp-json\/wp\/v2\/comments?post=232"}],"version-history":[{"count":17,"href":"https:\/\/entractifs.org\/index.php\/wp-json\/wp\/v2\/pages\/232\/revisions"}],"predecessor-version":[{"id":812,"href":"https:\/\/entractifs.org\/index.php\/wp-json\/wp\/v2\/pages\/232\/revisions\/812"}],"wp:attachment":[{"href":"https:\/\/entractifs.org\/index.php\/wp-json\/wp\/v2\/media?parent=232"}],"curies":[{"name":"wp","href":"https:\/\/api.w.org\/{rel}","templated":true}]}}