{"id":253,"date":"2020-02-08T11:17:24","date_gmt":"2020-02-08T10:17:24","guid":{"rendered":"http:\/\/entractifs.org\/?page_id=253"},"modified":"2026-01-07T14:59:59","modified_gmt":"2026-01-07T13:59:59","slug":"actus","status":"publish","type":"page","link":"https:\/\/entractifs.org\/index.php\/actus\/","title":{"rendered":"Actus"},"content":{"rendered":"\n<p>C&rsquo;est bient\u00f4t la galette des rois.<\/p>\n\n\n\n<p>Nous vous attendons nombreux le samedi 17 janvier 2026 \u00e0 14h30 \u00e0 la Maison Saint Pierre (\u00e0 cot\u00e9 de l&rsquo;Eglise St Pierre) pour d\u00e9guster la galette.<\/p>\n\n\n\n<p>Comme chaque ann\u00e9e nous proc\u00e9derons aux inscriptions pour l&rsquo;ann\u00e9e 2026.<\/p>\n\n\n\n<figure class=\"wp-block-image size-large\"><img decoding=\"async\" loading=\"lazy\" width=\"1024\" height=\"768\" src=\"http:\/\/entractifs.org\/wp-content\/uploads\/2026\/01\/Eglise_Saint-Pierre_de_Sermorens-1024x768.jpg\" alt=\"\" class=\"wp-image-779\" srcset=\"https:\/\/entractifs.org\/wp-content\/uploads\/2026\/01\/Eglise_Saint-Pierre_de_Sermorens-1024x768.jpg 1024w, https:\/\/entractifs.org\/wp-content\/uploads\/2026\/01\/Eglise_Saint-Pierre_de_Sermorens-300x225.jpg 300w, https:\/\/entractifs.org\/wp-content\/uploads\/2026\/01\/Eglise_Saint-Pierre_de_Sermorens-768x576.jpg 768w, https:\/\/entractifs.org\/wp-content\/uploads\/2026\/01\/Eglise_Saint-Pierre_de_Sermorens-750x563.jpg 750w, https:\/\/entractifs.org\/wp-content\/uploads\/2026\/01\/Eglise_Saint-Pierre_de_Sermorens-400x300.jpg 400w, https:\/\/entractifs.org\/wp-content\/uploads\/2026\/01\/Eglise_Saint-Pierre_de_Sermorens-430x323.jpg 430w, https:\/\/entractifs.org\/wp-content\/uploads\/2026\/01\/Eglise_Saint-Pierre_de_Sermorens-150x113.jpg 150w, https:\/\/entractifs.org\/wp-content\/uploads\/2026\/01\/Eglise_Saint-Pierre_de_Sermorens-100x75.jpg 100w, https:\/\/entractifs.org\/wp-content\/uploads\/2026\/01\/Eglise_Saint-Pierre_de_Sermorens.jpg 1200w\" sizes=\"(max-width: 1024px) 100vw, 1024px\" \/><\/figure>\n\n\n\n<p><\/p>\n\n\n\n<p><\/p>\n\n\n\n<p><\/p>\n\n\n\n<p><\/p>\n\n\n\n<p><\/p>\n\n\n\n<p><\/p>\n\n\n\n<figure class=\"wp-block-gallery has-nested-images columns-default is-cropped wp-block-gallery-1 is-layout-flex wp-block-gallery-is-layout-flex\"><\/figure>\n\n\n\n<p>~~~~~~~~~~~~~~~~~~~~~~~~~~~~~~~~~~~~~~~~~~~~~~~~~~~~<\/p>\n\n\n\n<figure class=\"wp-block-gallery has-nested-images columns-default is-cropped wp-block-gallery-3 is-layout-flex wp-block-gallery-is-layout-flex\"><\/figure>\n\n\n\n<p><\/p>\n\n\n\n<p><\/p>\n\n\n\n<figure class=\"wp-block-gallery has-nested-images columns-default is-cropped wp-block-gallery-5 is-layout-flex wp-block-gallery-is-layout-flex\"><\/figure>\n\n\n\n<p><\/p>\n\n\n\n<p><\/p>\n\n\n\n<div class=\"wp-block-group is-layout-flow wp-block-group-is-layout-flow\"><div class=\"wp-block-group__inner-container\"><\/div><\/div>\n\n\n\n<figure class=\"wp-block-table is-style-regular\"><table><tbody><tr><td><\/td><\/tr><\/tbody><\/table><\/figure>\n\n\n\n<p><\/p>\n","protected":false},"excerpt":{"rendered":"<p>C&rsquo;est bient\u00f4t la galette des rois. Nous vous attendons nombreux le samedi 17 janvier 2026 \u00e0 14h30 \u00e0 la Maison Saint Pierre (\u00e0 cot\u00e9 de l&rsquo;Eglise St Pierre) pour d\u00e9guster [&hellip;]<\/p>\n","protected":false},"author":1,"featured_media":0,"parent":0,"menu_order":0,"comment_status":"closed","ping_status":"closed","template":"","meta":{"footnotes":""},"_links":{"self":[{"href":"https:\/\/entractifs.org\/index.php\/wp-json\/wp\/v2\/pages\/253"}],"collection":[{"href":"https:\/\/entractifs.org\/index.php\/wp-json\/wp\/v2\/pages"}],"about":[{"href":"https:\/\/entractifs.org\/index.php\/wp-json\/wp\/v2\/types\/page"}],"author":[{"embeddable":true,"href":"https:\/\/entractifs.org\/index.php\/wp-json\/wp\/v2\/users\/1"}],"replies":[{"embeddable":true,"href":"https:\/\/entractifs.org\/index.php\/wp-json\/wp\/v2\/comments?post=253"}],"version-history":[{"count":57,"href":"https:\/\/entractifs.org\/index.php\/wp-json\/wp\/v2\/pages\/253\/revisions"}],"predecessor-version":[{"id":792,"href":"https:\/\/entractifs.org\/index.php\/wp-json\/wp\/v2\/pages\/253\/revisions\/792"}],"wp:attachment":[{"href":"https:\/\/entractifs.org\/index.php\/wp-json\/wp\/v2\/media?parent=253"}],"curies":[{"name":"wp","href":"https:\/\/api.w.org\/{rel}","templated":true}]}}